{"id":29716,"date":"2021-05-16T18:24:37","date_gmt":"2021-05-16T16:24:37","guid":{"rendered":"http:\/\/www.kadrabiz.hr\/?page_id=29716"},"modified":"2021-05-23T12:55:36","modified_gmt":"2021-05-23T10:55:36","slug":"politika-privatnosti","status":"publish","type":"page","link":"https:\/\/kadrabiz.hr\/en\/politika-privatnosti\/","title":{"rendered":"Politika privatnosti"},"content":{"rendered":"<p>[et_pb_section fb_built=&#8221;1&#8243; _builder_version=&#8221;4.9.4&#8243; _module_preset=&#8221;default&#8221; custom_padding=&#8221;0px||||false|false&#8221;][et_pb_row _builder_version=&#8221;4.9.4&#8243; _module_preset=&#8221;default&#8221;][et_pb_column type=&#8221;4_4&#8243; _builder_version=&#8221;4.9.4&#8243; _module_preset=&#8221;default&#8221;][et_pb_text _builder_version=&#8221;4.9.4&#8243; _module_preset=&#8221;default&#8221; text_font=&#8221;Arial||||||||&#8221; text_text_color=&#8221;#707070&#8243; header_3_font=&#8221;Arial||||||||&#8221; header_3_text_color=&#8221;#707070&#8243; header_3_font_size=&#8221;27px&#8221; header_3_line_height=&#8221;1.2em&#8221;]<\/p>\n<h3><strong>POLITIKA PRIVATNOSTI<\/strong><\/h3>\n<p>KADRA vodi ra\u010duna o sigurnosti i privatnosti Va\u0161ih osobnih podataka. Ova Pravila o privatnosti imaju svrhu objasniti kako i za\u0161to prikupljamo Va\u0161e osobne podatke, te kako ih koristimo.<\/p>\n<h4><strong>Voditelj obrade<\/strong><\/h4>\n<p>U kontekstu Op\u0107e uredbe o za\u0161titi osobnih podataka (GDPR) Voditelj obrade je:<\/p>\n<p>KADRA BIZ<\/p>\n<p>Kalinovica 6, Zagreb<\/p>\n<p>OIB: 67977741737<\/p>\n<p>Za sve upite i prigovore vezane uz sigurnost i privatnost Va\u0161ih osobnih podataka, molimo Vas kontaktirajte Slu\u017ebenika\/cu za za\u0161titu osobnih podataka:<\/p>\n<p>Katarina Bugarin \/ <span style=\"color: #666699;\"><a style=\"color: #666699;\" href=\"mailto:kadra@kadra-jobs.com\">kadra@kadra-jobs.com<\/a> \/ <a style=\"color: #666699;\" href=\"mailto:kadra.biz@gmail.com\">kadra.biz@gmail.com<\/a><\/span><\/p>\n<h4><strong>Privatnost podataka<\/strong><\/h4>\n<p>KADRA BIZ, u svojstvu Izvr\u0161itelja obrade, obra\u0111uje osobne podatke.<\/p>\n<p>Osobni podaci koje prikupljamo:<\/p>\n<p>Podaci koje \u0161aljete prilikom upita i prihva\u0107anja ponude, a uklju\u010duju: ime, prezime, titula, osobna fotografija, naziv posla, hiperlinkovi dru\u0161tvenih mre\u017ea, adresa, e-mail adresa, Skype korisni\u010dko ime, broj mobitela\/telefona, povijest edukacije, povijest zaposlenja, \u017eivotopis.<\/p>\n<h4><strong>Svrha prikupljanja podataka<\/strong><\/h4>\n<p>Prikupljeni podaci koriste se isklju\u010divo u svrhu pru\u017eanja usluga. Navedeni proces mo\u017ee uklju\u010divati sljede\u0107e:<\/p>\n<p>Verifikacija to\u010dnosti unesenih podataka;<\/p>\n<p>Provjera referenci;<\/p>\n<p>Procjena znanja, kvalifikacija i vje\u0161tina nu\u017enih za pru\u017eanje usluga;<\/p>\n<p>Komunikacija vezana uz proces (e-mail poruke, telefonski poziv, SMS poruke, Whatsapp);<\/p>\n<p>Ispunjavanje upitnika i testova;<\/p>\n<p>Ispunjavanje zakonskih obveza;<\/p>\n<p>U bilo kojem trenutku mo\u017eete zatra\u017eiti ispravak, a\u017euriranje ili brisanje Va\u0161ih podataka.<\/p>\n<h4><strong>Pristup podacima<\/strong><\/h4>\n<p>Pristup Va\u0161im osobnim podacima ograni\u010den je na zaposlenike tvrtke, uklju\u010dene u proces pru\u017eanje usluga.<\/p>\n<h4><strong>Pohrana podataka<\/strong><\/h4>\n<p>Va\u0161i osobni podaci bit \u0107e pohranjeni do zavr\u0161etka pru\u017eanje usluge, osim ako ste sami odabrali da Va\u0161e podatke zadr\u017eimo na dulji vremenski period i obavje\u0161tavamo Vas o budu\u0107im mogu\u0107nostima i uslugama.<\/p>\n<p>[\/et_pb_text][\/et_pb_column][\/et_pb_row][\/et_pb_section][et_pb_section fb_built=&#8221;1&#8243; admin_label=&#8221;KONTAKT&#8221; module_id=&#8221;kontakt&#8221; _builder_version=&#8221;4.9.4&#8243; _module_preset=&#8221;default&#8221; use_background_color_gradient=&#8221;on&#8221; background_color_gradient_start=&#8221;#a6ce39&#8243; background_color_gradient_end=&#8221;rgba(0,0,0,0)&#8221; background_color_gradient_direction=&#8221;360deg&#8221; background_color_gradient_start_position=&#8221;27%&#8221; background_color_gradient_end_position=&#8221;88%&#8221; background_enable_image=&#8221;off&#8221; parallax=&#8221;on&#8221; min_height=&#8221;500px&#8221; height=&#8221;500px&#8221; max_height=&#8221;500px&#8221; custom_margin=&#8221;0px||||false|false&#8221; custom_padding=&#8221;7px||7px||true|false&#8221; saved_tabs=&#8221;all&#8221; collapsed=&#8221;off&#8221;][et_pb_row _builder_version=&#8221;4.9.4&#8243; _module_preset=&#8221;default&#8221; custom_padding=&#8221;||10px||false|false&#8221;][et_pb_column type=&#8221;4_4&#8243; _builder_version=&#8221;4.9.4&#8243; _module_preset=&#8221;default&#8221;][et_pb_text admin_label=&#8221;Usluge&#8221; _builder_version=&#8221;4.9.4&#8243; _module_preset=&#8221;default&#8221; text_text_color=&#8221;#FFFFFF&#8221; text_font_size=&#8221;20px&#8221; header_font=&#8221;|700|||||||&#8221; header_text_align=&#8221;center&#8221; header_text_color=&#8221;#4285F4&#8243; header_font_size=&#8221;40px&#8221; use_background_color_gradient=&#8221;on&#8221; background_color_gradient_start=&#8221;#a3a3a3&#8243; background_color_gradient_end=&#8221;rgba(0,0,0,0)&#8221; background_color_gradient_type=&#8221;radial&#8221; background_color_gradient_start_position=&#8221;30%&#8221;]<\/p>\n<h1 style=\"text-align: center;\"><strong>Kontakt<\/strong><\/h1>\n<p>[\/et_pb_text][\/et_pb_column][\/et_pb_row][et_pb_row column_structure=&#8221;1_3,2_3&#8243; make_equal=&#8221;on&#8221; _builder_version=&#8221;4.9.4&#8243; _module_preset=&#8221;default&#8221; min_height=&#8221;300px&#8221; height=&#8221;350px&#8221; max_height=&#8221;350px&#8221; custom_margin=&#8221;||||false|false&#8221; custom_padding=&#8221;||0px||false|false&#8221;][et_pb_column type=&#8221;1_3&#8243; _builder_version=&#8221;4.9.4&#8243; _module_preset=&#8221;default&#8221;][et_pb_text _builder_version=&#8221;4.9.4&#8243; _module_preset=&#8221;default&#8221; custom_padding=&#8221;||0px|||&#8221;]<\/p>\n<p><strong>KADRA BIZ &#8211; obrt za poslovne usluge,<\/strong><b><br \/><strong>vl. Katarina Bugarin<\/strong><\/b><o:p><\/o:p><\/p>\n<p>Skra\u0107eno ime:<br \/><strong>KADRA BIZ<\/strong><o:p><\/o:p><\/p>\n<p>Sjedi\u0161te:<br \/>Zagreb, Kalinovica 6<\/p>\n<p>OIB: 67977741737<\/p>\n<p>Poslovna banka: Erste &amp; Steierm\u00e4rkische Bank d.d.<\/p>\n<p>IBAN: HR0324020061140272901<\/p>\n<p>&nbsp;<\/p>\n<p>[\/et_pb_text][\/et_pb_column][et_pb_column type=&#8221;2_3&#8243; _builder_version=&#8221;4.9.4&#8243; _module_preset=&#8221;default&#8221;][et_pb_text _builder_version=&#8221;4.9.4&#8243; _module_preset=&#8221;default&#8221; text_font_size=&#8221;18px&#8221; background_color=&#8221;RGBA(0,0,0,0)&#8221; min_height=&#8221;350px&#8221; height=&#8221;350px&#8221; max_height=&#8221;350px&#8221; custom_margin=&#8221;||||false|false&#8221; custom_padding=&#8221;0px||0px||false|false&#8221;]<\/p>\n<p>Zagreb, Kalinovica 6<\/p>\n<p>m: 091 505 8951\u00a0 \u00a0 \u00a0 \u00a0 \u00a0 \u00a0 \u00a0 \u00a0 \u00a0 \u00a0 \u00a0 \u00a0 e:\u00a0kadra@kadra-jobs.com<br \/>m: 091 513 3802\u00a0 \u00a0 \u00a0 \u00a0 \u00a0 \u00a0 \u00a0 \u00a0 \u00a0 \u00a0 \u00a0 \u00a0 e:\u00a0info@kadra-jobs.come<\/p>\n<p><iframe loading=\"lazy\" src=\"https:\/\/www.google.com\/maps\/embed?pb=!1m18!1m12!1m3!1d5563.7815298119995!2d15.949411813397832!3d45.79341611042262!2m3!1f0!2f0!3f0!3m2!1i1024!2i768!4f13.1!3m3!1m2!1s0x4765d69149956043%3A0x40d62e7b8fcc21a7!2sKalinovica+6%2C+10000%2C+Zagreb!5e0!3m2!1sen!2shr!4v1485947906391\" width=\"810\" height=\"200\" frameborder=\"0\" allowfullscreen=\"\" style=\"border: 0;\"><\/iframe><\/p>\n<p>[\/et_pb_text][\/et_pb_column][\/et_pb_row][\/et_pb_section][et_pb_section fb_built=&#8221;1&#8243; admin_label=&#8221;FOOTER&#8221; module_id=&#8221;FOOTER&#8221; _builder_version=&#8221;4.9.4&#8243; _module_preset=&#8221;default&#8221; module_alignment=&#8221;center&#8221; custom_margin=&#8221;0px||||false|false&#8221; custom_padding=&#8221;0px||0px||false|false&#8221; collapsed=&#8221;on&#8221;][et_pb_row column_structure=&#8221;1_2,1_2&#8243; use_custom_gutter=&#8221;on&#8221; gutter_width=&#8221;1&#8243; make_equal=&#8221;on&#8221; _builder_version=&#8221;4.9.4&#8243; _module_preset=&#8221;default&#8221; module_alignment=&#8221;center&#8221; min_height=&#8221;30px&#8221; height=&#8221;30px&#8221; max_height=&#8221;30px&#8221; custom_margin=&#8221;5px||5px||true|false&#8221; custom_padding=&#8221;0px||5px||false|false&#8221;][et_pb_column type=&#8221;1_2&#8243; _builder_version=&#8221;4.9.4&#8243; _module_preset=&#8221;default&#8221;][et_pb_text _builder_version=&#8221;4.9.4&#8243; _module_preset=&#8221;default&#8221; header_3_text_color=&#8221;#7A7A7A&#8221; header_3_font_size=&#8221;15px&#8221; header_4_font_size=&#8221;15px&#8221; custom_margin=&#8221;2px||||false|false&#8221; custom_padding=&#8221;10px||||false|false&#8221;]<\/p>\n<h4 style=\"text-align: left;\">\u00a9 2021 KADRA BIZ<\/h4>\n<p>[\/et_pb_text][\/et_pb_column][et_pb_column type=&#8221;1_2&#8243; _builder_version=&#8221;4.9.4&#8243; _module_preset=&#8221;default&#8221;][et_pb_text _builder_version=&#8221;4.9.4&#8243; _module_preset=&#8221;default&#8221; text_text_color=&#8221;#6B6B6B&#8221; header_4_text_color=&#8221;#7A7A7A&#8221; header_4_font_size=&#8221;15px&#8221; custom_margin=&#8221;2px||||false|false&#8221; custom_padding=&#8221;10px||||false|false&#8221;]<\/p>\n<h4><a title=\"Politika privatnosti\" href=\"\/\/www.kadrabiz.hr\/politika-privatnosti\/\"><strong>Politika privatnosti <\/strong><\/a><\/h4>\n<p>[\/et_pb_text][\/et_pb_column][\/et_pb_row][\/et_pb_section]<\/p>","protected":false},"excerpt":{"rendered":"<p>[et_pb_section fb_built=&#8221;1&#8243; _builder_version=&#8221;4.9.4&#8243; _module_preset=&#8221;default&#8221; custom_padding=&#8221;0px||||false|false&#8221;][et_pb_row _builder_version=&#8221;4.9.4&#8243; _module_preset=&#8221;default&#8221;][et_pb_column type=&#8221;4_4&#8243; _builder_version=&#8221;4.9.4&#8243; _module_preset=&#8221;default&#8221;][et_pb_text _builder_version=&#8221;4.9.4&#8243; _module_preset=&#8221;default&#8221; text_font=&#8221;Arial||||||||&#8221; text_text_color=&#8221;#707070&#8243; header_3_font=&#8221;Arial||||||||&#8221; header_3_text_color=&#8221;#707070&#8243; header_3_font_size=&#8221;27px&#8221; header_3_line_height=&#8221;1.2em&#8221;] POLITIKA PRIVATNOSTI KADRA vodi ra\u010duna o sigurnosti i privatnosti Va\u0161ih osobnih podataka. Ova Pravila o privatnosti imaju svrhu objasniti kako i za\u0161to prikupljamo Va\u0161e osobne podatke, te kako ih koristimo. Voditelj obrade U kontekstu Op\u0107e uredbe o [&hellip;]<\/p>","protected":false},"author":1,"featured_media":0,"parent":0,"menu_order":0,"comment_status":"closed","ping_status":"closed","template":"","meta":{"_et_pb_use_builder":"on","_et_pb_old_content":"","_et_gb_content_width":""},"yoast_head":"<!-- This site is optimized with the Yoast SEO plugin v16.7 - https:\/\/yoast.com\/wordpress\/plugins\/seo\/ -->\n<title>Politika privatnosti<\/title>\n<meta name=\"description\" content=\"POLITIKA PRIVATNOSTI KADRA vodi ra\u010duna o sigurnosti i privatnosti Va\u0161ih osobnih podataka. Ova Pravila o privatnosti imaju svrhu objasniti kako i za\u0161to\" \/>\n<meta name=\"robots\" content=\"index, follow, max-snippet:-1, max-image-preview:large, max-video-preview:-1\" \/>\n<link rel=\"canonical\" href=\"https:\/\/kadrabiz.hr\/en\/politika-privatnosti\/\" \/>\n<meta property=\"og:locale\" content=\"en_US\" \/>\n<meta property=\"og:type\" content=\"article\" \/>\n<meta property=\"og:title\" content=\"Politika privatnosti\" \/>\n<meta property=\"og:description\" content=\"POLITIKA PRIVATNOSTI KADRA vodi ra\u010duna o sigurnosti i privatnosti Va\u0161ih osobnih podataka. Ova Pravila o privatnosti imaju svrhu objasniti kako i za\u0161to\" \/>\n<meta property=\"og:url\" content=\"https:\/\/kadrabiz.hr\/en\/politika-privatnosti\/\" \/>\n<meta property=\"og:site_name\" content=\"ENGLESKI &amp; NJEMA\u010cKI -JEZI\u010cNI COACHING, HR Business partner\" \/>\n<meta property=\"article:publisher\" content=\"https:\/\/www.facebook.com\/KADRA-BIZ-poslovne-usluge-925353564217231\/info\/?entry_point=page_nav_about_item&amp;amp%3bamp%3bamp%3bamp%3bamp%3bamp%3btab=overview\" \/>\n<meta property=\"article:modified_time\" content=\"2021-05-23T10:55:36+00:00\" \/>\n<meta name=\"twitter:card\" content=\"summary\" \/>\n<meta name=\"twitter:label1\" content=\"Est. reading time\" \/>\n\t<meta name=\"twitter:data1\" content=\"4 minutes\" \/>\n<script type=\"application\/ld+json\" class=\"yoast-schema-graph\">{\"@context\":\"https:\/\/schema.org\",\"@graph\":[{\"@type\":\"WebSite\",\"@id\":\"https:\/\/kadrabiz.hr\/#website\",\"url\":\"https:\/\/kadrabiz.hr\/\",\"name\":\"ENGLESKI &amp; NJEMA\\u010cKI -JEZI\\u010cNI COACHING, HR Business partner\",\"description\":\"KADRA BIZ - poslovne usluge\",\"potentialAction\":[{\"@type\":\"SearchAction\",\"target\":{\"@type\":\"EntryPoint\",\"urlTemplate\":\"https:\/\/kadrabiz.hr\/?s={search_term_string}\"},\"query-input\":\"required name=search_term_string\"}],\"inLanguage\":\"en-US\"},{\"@type\":\"WebPage\",\"@id\":\"https:\/\/kadrabiz.hr\/politika-privatnosti\/#webpage\",\"url\":\"https:\/\/kadrabiz.hr\/politika-privatnosti\/\",\"name\":\"Politika privatnosti\",\"isPartOf\":{\"@id\":\"https:\/\/kadrabiz.hr\/#website\"},\"datePublished\":\"2021-05-16T16:24:37+00:00\",\"dateModified\":\"2021-05-23T10:55:36+00:00\",\"description\":\"POLITIKA PRIVATNOSTI KADRA vodi ra\\u010duna o sigurnosti i privatnosti Va\\u0161ih osobnih podataka. Ova Pravila o privatnosti imaju svrhu objasniti kako i za\\u0161to\",\"breadcrumb\":{\"@id\":\"https:\/\/kadrabiz.hr\/politika-privatnosti\/#breadcrumb\"},\"inLanguage\":\"en-US\",\"potentialAction\":[{\"@type\":\"ReadAction\",\"target\":[\"https:\/\/kadrabiz.hr\/politika-privatnosti\/\"]}]},{\"@type\":\"BreadcrumbList\",\"@id\":\"https:\/\/kadrabiz.hr\/politika-privatnosti\/#breadcrumb\",\"itemListElement\":[{\"@type\":\"ListItem\",\"position\":1,\"name\":\"Politika privatnosti\"}]}]}<\/script>\n<!-- \/ Yoast SEO plugin. -->","yoast_head_json":{"title":"Politika privatnosti","description":"POLITIKA PRIVATNOSTI KADRA vodi ra\u010duna o sigurnosti i privatnosti Va\u0161ih osobnih podataka. Ova Pravila o privatnosti imaju svrhu objasniti kako i za\u0161to","robots":{"index":"index","follow":"follow","max-snippet":"max-snippet:-1","max-image-preview":"max-image-preview:large","max-video-preview":"max-video-preview:-1"},"canonical":"https:\/\/kadrabiz.hr\/en\/politika-privatnosti\/","og_locale":"en_US","og_type":"article","og_title":"Politika privatnosti","og_description":"POLITIKA PRIVATNOSTI KADRA vodi ra\u010duna o sigurnosti i privatnosti Va\u0161ih osobnih podataka. Ova Pravila o privatnosti imaju svrhu objasniti kako i za\u0161to","og_url":"https:\/\/kadrabiz.hr\/en\/politika-privatnosti\/","og_site_name":"ENGLESKI &amp; NJEMA\u010cKI -JEZI\u010cNI COACHING, HR Business partner","article_publisher":"https:\/\/www.facebook.com\/KADRA-BIZ-poslovne-usluge-925353564217231\/info\/?entry_point=page_nav_about_item&amp%3bamp%3bamp%3bamp%3bamp%3bamp%3btab=overview","article_modified_time":"2021-05-23T10:55:36+00:00","twitter_card":"summary","twitter_misc":{"Est. reading time":"4 minutes"},"schema":{"@context":"https:\/\/schema.org","@graph":[{"@type":"WebSite","@id":"https:\/\/kadrabiz.hr\/#website","url":"https:\/\/kadrabiz.hr\/","name":"ENGLESKI &amp; NJEMA\u010cKI -JEZI\u010cNI COACHING, HR Business partner","description":"KADRA BIZ - poslovne usluge","potentialAction":[{"@type":"SearchAction","target":{"@type":"EntryPoint","urlTemplate":"https:\/\/kadrabiz.hr\/?s={search_term_string}"},"query-input":"required name=search_term_string"}],"inLanguage":"en-US"},{"@type":"WebPage","@id":"https:\/\/kadrabiz.hr\/politika-privatnosti\/#webpage","url":"https:\/\/kadrabiz.hr\/politika-privatnosti\/","name":"Politika privatnosti","isPartOf":{"@id":"https:\/\/kadrabiz.hr\/#website"},"datePublished":"2021-05-16T16:24:37+00:00","dateModified":"2021-05-23T10:55:36+00:00","description":"POLITIKA PRIVATNOSTI KADRA vodi ra\u010duna o sigurnosti i privatnosti Va\u0161ih osobnih podataka. Ova Pravila o privatnosti imaju svrhu objasniti kako i za\u0161to","breadcrumb":{"@id":"https:\/\/kadrabiz.hr\/politika-privatnosti\/#breadcrumb"},"inLanguage":"en-US","potentialAction":[{"@type":"ReadAction","target":["https:\/\/kadrabiz.hr\/politika-privatnosti\/"]}]},{"@type":"BreadcrumbList","@id":"https:\/\/kadrabiz.hr\/politika-privatnosti\/#breadcrumb","itemListElement":[{"@type":"ListItem","position":1,"name":"Politika privatnosti"}]}]}},"_links":{"self":[{"href":"https:\/\/kadrabiz.hr\/en\/wp-json\/wp\/v2\/pages\/29716"}],"collection":[{"href":"https:\/\/kadrabiz.hr\/en\/wp-json\/wp\/v2\/pages"}],"about":[{"href":"https:\/\/kadrabiz.hr\/en\/wp-json\/wp\/v2\/types\/page"}],"author":[{"embeddable":true,"href":"https:\/\/kadrabiz.hr\/en\/wp-json\/wp\/v2\/users\/1"}],"replies":[{"embeddable":true,"href":"https:\/\/kadrabiz.hr\/en\/wp-json\/wp\/v2\/comments?post=29716"}],"version-history":[{"count":8,"href":"https:\/\/kadrabiz.hr\/en\/wp-json\/wp\/v2\/pages\/29716\/revisions"}],"predecessor-version":[{"id":30530,"href":"https:\/\/kadrabiz.hr\/en\/wp-json\/wp\/v2\/pages\/29716\/revisions\/30530"}],"wp:attachment":[{"href":"https:\/\/kadrabiz.hr\/en\/wp-json\/wp\/v2\/media?parent=29716"}],"curies":[{"name":"wp","href":"https:\/\/api.w.org\/{rel}","templated":true}]}}